{"id":3578,"date":"2024-06-19T11:58:36","date_gmt":"2024-06-19T15:58:36","guid":{"rendered":"https:\/\/qawww.sncr.ca\/?page_id=3578"},"modified":"2025-03-14T14:10:35","modified_gmt":"2025-03-14T18:10:35","slug":"participating-communities","status":"publish","type":"page","link":"https:\/\/www.sncr.ca\/fr\/participating-communities\/","title":{"rendered":"Communaut\u00e9s participantes"},"content":{"rendered":"<div data-elementor-type=\"wp-page\" data-elementor-id=\"3578\" class=\"elementor elementor-3578\" data-elementor-post-type=\"page\">\n\t\t\t\t<div class=\"elementor-element elementor-element-62ffe04 e-flex e-con-boxed e-con e-parent\" data-id=\"62ffe04\" data-element_type=\"container\">\n\t\t\t\t\t<div class=\"e-con-inner\">\n\t\t\t\t<div class=\"elementor-element elementor-element-ad2ac86 elementor-widget-tablet__width-inherit elementor-widget elementor-widget-heading\" data-id=\"ad2ac86\" data-element_type=\"widget\" data-widget_type=\"heading.default\">\n\t\t\t\t<div class=\"elementor-widget-container\">\n\t\t\t<style>\/*! elementor - v3.22.0 - 26-06-2024 *\/\n.elementor-heading-title{padding:0;margin:0;line-height:1}.elementor-widget-heading .elementor-heading-title[class*=elementor-size-]>a{color:inherit;font-size:inherit;line-height:inherit}.elementor-widget-heading .elementor-heading-title.elementor-size-small{font-size:15px}.elementor-widget-heading .elementor-heading-title.elementor-size-medium{font-size:19px}.elementor-widget-heading .elementor-heading-title.elementor-size-large{font-size:29px}.elementor-widget-heading .elementor-heading-title.elementor-size-xl{font-size:39px}.elementor-widget-heading .elementor-heading-title.elementor-size-xxl{font-size:59px}<\/style><h2 class=\"elementor-heading-title elementor-size-default\">Communaut\u00e9s participantes<\/h2>\t\t<\/div>\n\t\t\t\t<\/div>\n\t\t\t\t<div class=\"elementor-element elementor-element-6740d4a elementor-widget elementor-widget-text-editor\" data-id=\"6740d4a\" data-element_type=\"widget\" data-widget_type=\"text-editor.default\">\n\t\t\t\t<div class=\"elementor-widget-container\">\n\t\t\t<style>\/*! elementor - v3.22.0 - 26-06-2024 *\/\n.elementor-widget-text-editor.elementor-drop-cap-view-stacked .elementor-drop-cap{background-color:#69727d;color:#fff}.elementor-widget-text-editor.elementor-drop-cap-view-framed .elementor-drop-cap{color:#69727d;border:3px solid;background-color:transparent}.elementor-widget-text-editor:not(.elementor-drop-cap-view-default) .elementor-drop-cap{margin-top:8px}.elementor-widget-text-editor:not(.elementor-drop-cap-view-default) .elementor-drop-cap-letter{width:1em;height:1em}.elementor-widget-text-editor .elementor-drop-cap{float:left;text-align:center;line-height:1;font-size:50px}.elementor-widget-text-editor .elementor-drop-cap-letter{display:inline-block}<\/style>\t\t\t\t<p>Si votre communaut\u00e9 est r\u00e9pertori\u00e9e ci-dessous, s\u00e9lectionnez \u00ab\u00a0Enregistrer un compte\u00a0\u00bb pour continuer.<\/p>\t\t\t\t\t\t<\/div>\n\t\t\t\t<\/div>\n\t\t\t\t\t<\/div>\n\t\t\t\t<\/div>\n\t\t<div class=\"elementor-element elementor-element-719d897 e-flex e-con-boxed e-con e-parent\" data-id=\"719d897\" data-element_type=\"container\" data-settings=\"{&quot;animation&quot;:&quot;none&quot;}\">\n\t\t\t\t\t<div class=\"e-con-inner\">\n\t\t<div class=\"elementor-element elementor-element-81c7c72 e-con-full e-flex e-con e-child\" data-id=\"81c7c72\" data-element_type=\"container\" data-settings=\"{&quot;background_background&quot;:&quot;classic&quot;}\">\n\t\t\t\t<div class=\"elementor-element elementor-element-5d921f5 animated-slow elementor-invisible elementor-widget elementor-widget-heading\" data-id=\"5d921f5\" data-element_type=\"widget\" data-settings=\"{&quot;_animation&quot;:&quot;fadeIn&quot;}\" data-widget_type=\"heading.default\">\n\t\t\t\t<div class=\"elementor-widget-container\">\n\t\t\t<h3 class=\"elementor-heading-title elementor-size-default\">Regina, SK<\/h3>\t\t<\/div>\n\t\t\t\t<\/div>\n\t\t\t\t<div class=\"elementor-element elementor-element-03ab25b elementor-invisible elementor-widget elementor-widget-text-editor\" data-id=\"03ab25b\" data-element_type=\"widget\" data-settings=\"{&quot;_animation&quot;:&quot;fadeIn&quot;,&quot;_animation_delay&quot;:200}\" data-widget_type=\"text-editor.default\">\n\t\t\t\t<div class=\"elementor-widget-container\">\n\t\t\t\t\t\t\t<p>Click the Link to Register an Account with the SNCR for Regina, Saskatchewan.<\/p><div class=\"hHq9Z\"><div data-hveid=\"CAQQAA\" data-ved=\"2ahUKEwjNo_rpgYWLAxUWKFkFHc4SMtsQlcAGegQIBBAA\"><div class=\"KsRP6\"><div class=\"MDY31c\"><div class=\"nwVKo\"><div class=\"r2VLS WAvXif\"><div data-ias=\"false\"><div class=\"y1yadf\"><div class=\"CcNe6e v4Zpbe\" tabindex=\"0\" role=\"button\" aria-expanded=\"false\" aria-haspopup=\"true\">\u00a0<\/div><\/div><\/div><\/div><\/div><\/div><\/div><\/div><\/div>\t\t\t\t\t\t<\/div>\n\t\t\t\t<\/div>\n\t\t\t\t<div class=\"elementor-element elementor-element-2732f06 elementor-align-left elementor-mobile-align-left elementor-widget elementor-widget-button\" data-id=\"2732f06\" data-element_type=\"widget\" data-widget_type=\"button.default\">\n\t\t\t\t<div class=\"elementor-widget-container\">\n\t\t\t\t\t<div class=\"elementor-button-wrapper\">\n\t\t\t<a class=\"elementor-button elementor-button-link elementor-size-sm\" href=\"https:\/\/app.sncr.ca\/index.html?page=register&#038;token=4952fb1c9e50622a9a36d2468b2a27d857619d464d69fd98acf51ef9f8caf569\">\n\t\t\t\t\t\t<span class=\"elementor-button-content-wrapper\">\n\t\t\t\t\t\t<span class=\"elementor-button-icon\">\n\t\t\t\t<svg aria-hidden=\"true\" class=\"e-font-icon-svg e-fas-user-circle\" viewbox=\"0 0 496 512\" xmlns=\"http:\/\/www.w3.org\/2000\/svg\"><path d=\"M248 8C111 8 0 119 0 256s111 248 248 248 248-111 248-248S385 8 248 8zm0 96c48.6 0 88 39.4 88 88s-39.4 88-88 88-88-39.4-88-88 39.4-88 88-88zm0 344c-58.7 0-111.3-26.6-146.5-68.2 18.8-35.4 55.6-59.8 98.5-59.8 2.4 0 4.8.4 7.1 1.1 13 4.2 26.6 6.9 40.9 6.9 14.3 0 28-2.7 40.9-6.9 2.3-.7 4.7-1.1 7.1-1.1 42.9 0 79.7 24.4 98.5 59.8C359.3 421.4 306.7 448 248 448z\"><\/path><\/svg>\t\t\t<\/span>\n\t\t\t\t\t\t\t\t\t<span class=\"elementor-button-text\">Cr\u00e9er un compte<\/span>\n\t\t\t\t\t<\/span>\n\t\t\t\t\t<\/a>\n\t\t<\/div>\n\t\t\t\t<\/div>\n\t\t\t\t<\/div>\n\t\t\t\t<\/div>\n\t\t<div class=\"elementor-element elementor-element-e087e34 e-con-full e-flex e-con e-child\" data-id=\"e087e34\" data-element_type=\"container\" data-settings=\"{&quot;background_background&quot;:&quot;classic&quot;}\">\n\t\t\t\t<div class=\"elementor-element elementor-element-9627513 animated-slow elementor-invisible elementor-widget elementor-widget-heading\" data-id=\"9627513\" data-element_type=\"widget\" data-settings=\"{&quot;_animation&quot;:&quot;fadeIn&quot;}\" data-widget_type=\"heading.default\">\n\t\t\t\t<div class=\"elementor-widget-container\">\n\t\t\t<h3 class=\"elementor-heading-title elementor-size-default\">Prince Albert, SK.<\/h3>\t\t<\/div>\n\t\t\t\t<\/div>\n\t\t\t\t<div class=\"elementor-element elementor-element-2e8fdcb elementor-invisible elementor-widget elementor-widget-text-editor\" data-id=\"2e8fdcb\" data-element_type=\"widget\" data-settings=\"{&quot;_animation&quot;:&quot;fadeIn&quot;,&quot;_animation_delay&quot;:200}\" data-widget_type=\"text-editor.default\">\n\t\t\t\t<div class=\"elementor-widget-container\">\n\t\t\t\t\t\t\t<p>Click the Link to Register an Account with the SNCR for Prince Albert, Saskatchewan.<\/p><div class=\"hHq9Z\"><div data-hveid=\"CAQQAA\" data-ved=\"2ahUKEwjNo_rpgYWLAxUWKFkFHc4SMtsQlcAGegQIBBAA\"><div class=\"KsRP6\"><div class=\"MDY31c\"><div class=\"nwVKo\"><div class=\"r2VLS WAvXif\"><div data-ias=\"false\"><div class=\"y1yadf\"><div class=\"CcNe6e v4Zpbe\" tabindex=\"0\" role=\"button\" aria-expanded=\"false\" aria-haspopup=\"true\">\u00a0<\/div><\/div><\/div><\/div><\/div><\/div><\/div><\/div><\/div>\t\t\t\t\t\t<\/div>\n\t\t\t\t<\/div>\n\t\t\t\t<div class=\"elementor-element elementor-element-4c5905e elementor-align-left elementor-mobile-align-left elementor-widget elementor-widget-button\" data-id=\"4c5905e\" data-element_type=\"widget\" data-widget_type=\"button.default\">\n\t\t\t\t<div class=\"elementor-widget-container\">\n\t\t\t\t\t<div class=\"elementor-button-wrapper\">\n\t\t\t<a class=\"elementor-button elementor-button-link elementor-size-sm\" href=\"https:\/\/app.sncr.ca\/index.html?page=register&#038;token=3ba1bbe7a5a41138fdc7cf7595ed43509fa54fb5f810ae8f987212d4619ac491\">\n\t\t\t\t\t\t<span class=\"elementor-button-content-wrapper\">\n\t\t\t\t\t\t<span class=\"elementor-button-icon\">\n\t\t\t\t<svg aria-hidden=\"true\" class=\"e-font-icon-svg e-fas-user-circle\" viewbox=\"0 0 496 512\" xmlns=\"http:\/\/www.w3.org\/2000\/svg\"><path d=\"M248 8C111 8 0 119 0 256s111 248 248 248 248-111 248-248S385 8 248 8zm0 96c48.6 0 88 39.4 88 88s-39.4 88-88 88-88-39.4-88-88 39.4-88 88-88zm0 344c-58.7 0-111.3-26.6-146.5-68.2 18.8-35.4 55.6-59.8 98.5-59.8 2.4 0 4.8.4 7.1 1.1 13 4.2 26.6 6.9 40.9 6.9 14.3 0 28-2.7 40.9-6.9 2.3-.7 4.7-1.1 7.1-1.1 42.9 0 79.7 24.4 98.5 59.8C359.3 421.4 306.7 448 248 448z\"><\/path><\/svg>\t\t\t<\/span>\n\t\t\t\t\t\t\t\t\t<span class=\"elementor-button-text\">Cr\u00e9er un compte<\/span>\n\t\t\t\t\t<\/span>\n\t\t\t\t\t<\/a>\n\t\t<\/div>\n\t\t\t\t<\/div>\n\t\t\t\t<\/div>\n\t\t\t\t<\/div>\n\t\t<div class=\"elementor-element elementor-element-8d8d5ce e-con-full e-flex e-con e-child\" data-id=\"8d8d5ce\" data-element_type=\"container\" data-settings=\"{&quot;background_background&quot;:&quot;classic&quot;}\">\n\t\t\t\t<div class=\"elementor-element elementor-element-97e5c14 animated-slow elementor-invisible elementor-widget elementor-widget-heading\" data-id=\"97e5c14\" data-element_type=\"widget\" data-settings=\"{&quot;_animation&quot;:&quot;fadeIn&quot;}\" data-widget_type=\"heading.default\">\n\t\t\t\t<div class=\"elementor-widget-container\">\n\t\t\t<h3 class=\"elementor-heading-title elementor-size-default\"><h3 data-elementor-setting-key=\"title\" data-pen-placeholder=\"Type Here...\" style=\"background-color: rgba(255, 255, 255, 0.04);\">Morden, MB.<span style=\"background-color: transparent;\"><\/span><\/h3><\/h3>\t\t<\/div>\n\t\t\t\t<\/div>\n\t\t\t\t<div class=\"elementor-element elementor-element-2955126 elementor-invisible elementor-widget elementor-widget-text-editor\" data-id=\"2955126\" data-element_type=\"widget\" data-settings=\"{&quot;_animation&quot;:&quot;fadeIn&quot;,&quot;_animation_delay&quot;:200}\" data-widget_type=\"text-editor.default\">\n\t\t\t\t<div class=\"elementor-widget-container\">\n\t\t\t\t\t\t\t<p>Click the Link to Register an Account with the SNCR for Morden, Manitoba.<\/p><div class=\"hHq9Z\"><div data-hveid=\"CAQQAA\" data-ved=\"2ahUKEwjNo_rpgYWLAxUWKFkFHc4SMtsQlcAGegQIBBAA\"><div class=\"KsRP6\"><div class=\"MDY31c\"><div class=\"nwVKo\"><div class=\"r2VLS WAvXif\"><div data-ias=\"false\"><div class=\"y1yadf\"><div class=\"CcNe6e v4Zpbe\" tabindex=\"0\" role=\"button\" aria-expanded=\"false\" aria-haspopup=\"true\">\u00a0<\/div><\/div><\/div><\/div><\/div><\/div><\/div><\/div><\/div>\t\t\t\t\t\t<\/div>\n\t\t\t\t<\/div>\n\t\t\t\t<div class=\"elementor-element elementor-element-0d16456 elementor-align-left elementor-mobile-align-left elementor-widget elementor-widget-button\" data-id=\"0d16456\" data-element_type=\"widget\" data-widget_type=\"button.default\">\n\t\t\t\t<div class=\"elementor-widget-container\">\n\t\t\t\t\t<div class=\"elementor-button-wrapper\">\n\t\t\t<a class=\"elementor-button elementor-button-link elementor-size-sm\" href=\"https:\/\/app.sncr.ca\/index.html?page=register&#038;token=58f140e7e2c39a8e5db010dcd34c92f590fd7850217ca4ee186a6b33ab4fb153\">\n\t\t\t\t\t\t<span class=\"elementor-button-content-wrapper\">\n\t\t\t\t\t\t<span class=\"elementor-button-icon\">\n\t\t\t\t<svg aria-hidden=\"true\" class=\"e-font-icon-svg e-fas-user-circle\" viewbox=\"0 0 496 512\" xmlns=\"http:\/\/www.w3.org\/2000\/svg\"><path d=\"M248 8C111 8 0 119 0 256s111 248 248 248 248-111 248-248S385 8 248 8zm0 96c48.6 0 88 39.4 88 88s-39.4 88-88 88-88-39.4-88-88 39.4-88 88-88zm0 344c-58.7 0-111.3-26.6-146.5-68.2 18.8-35.4 55.6-59.8 98.5-59.8 2.4 0 4.8.4 7.1 1.1 13 4.2 26.6 6.9 40.9 6.9 14.3 0 28-2.7 40.9-6.9 2.3-.7 4.7-1.1 7.1-1.1 42.9 0 79.7 24.4 98.5 59.8C359.3 421.4 306.7 448 248 448z\"><\/path><\/svg>\t\t\t<\/span>\n\t\t\t\t\t\t\t\t\t<span class=\"elementor-button-text\">Cr\u00e9er un compte<\/span>\n\t\t\t\t\t<\/span>\n\t\t\t\t\t<\/a>\n\t\t<\/div>\n\t\t\t\t<\/div>\n\t\t\t\t<\/div>\n\t\t\t\t<\/div>\n\t\t\t\t\t<\/div>\n\t\t\t\t<\/div>\n\t\t\t\t<\/div>","protected":false},"excerpt":{"rendered":"<p>Participating Communities If your community is listed below, select \u201cRegister an Account\u201d to continue. Regina, SK Click the Link to Register an Account with the SNCR for Regina, Saskatchewan. \u00a0 Register an Account Prince Albert, SK. Click the Link to Register an Account with the SNCR for Prince Albert, Saskatchewan. \u00a0 Register an Account Morden, [&hellip;]<\/p>","protected":false},"author":2,"featured_media":0,"parent":0,"menu_order":0,"comment_status":"closed","ping_status":"closed","template":"elementor_header_footer","meta":{"footnotes":""},"class_list":["post-3578","page","type-page","status-publish","hentry"],"_links":{"self":[{"href":"https:\/\/www.sncr.ca\/fr\/wp-json\/wp\/v2\/pages\/3578","targetHints":{"allow":["GET"]}}],"collection":[{"href":"https:\/\/www.sncr.ca\/fr\/wp-json\/wp\/v2\/pages"}],"about":[{"href":"https:\/\/www.sncr.ca\/fr\/wp-json\/wp\/v2\/types\/page"}],"author":[{"embeddable":true,"href":"https:\/\/www.sncr.ca\/fr\/wp-json\/wp\/v2\/users\/2"}],"replies":[{"embeddable":true,"href":"https:\/\/www.sncr.ca\/fr\/wp-json\/wp\/v2\/comments?post=3578"}],"version-history":[{"count":59,"href":"https:\/\/www.sncr.ca\/fr\/wp-json\/wp\/v2\/pages\/3578\/revisions"}],"predecessor-version":[{"id":3889,"href":"https:\/\/www.sncr.ca\/fr\/wp-json\/wp\/v2\/pages\/3578\/revisions\/3889"}],"wp:attachment":[{"href":"https:\/\/www.sncr.ca\/fr\/wp-json\/wp\/v2\/media?parent=3578"}],"curies":[{"name":"wp","href":"https:\/\/api.w.org\/{rel}","templated":true}]}}