{"id":196,"date":"2024-01-31T18:32:55","date_gmt":"2024-01-31T23:32:55","guid":{"rendered":"https:\/\/qawww.policesolutions.ca\/?page_id=196"},"modified":"2024-08-26T11:05:22","modified_gmt":"2024-08-26T15:05:22","slug":"about-us","status":"publish","type":"page","link":"https:\/\/www.sncr.ca\/fr\/about-us\/","title":{"rendered":"\u00c0 propos de nous"},"content":{"rendered":"<div data-elementor-type=\"wp-page\" data-elementor-id=\"196\" class=\"elementor elementor-196\" data-elementor-post-type=\"page\">\n\t\t\t\t<div class=\"elementor-element elementor-element-4c26d530 e-flex e-con-boxed e-con e-parent\" data-id=\"4c26d530\" data-element_type=\"container\">\n\t\t\t\t\t<div class=\"e-con-inner\">\n\t\t\t\t<div class=\"elementor-element elementor-element-4a16bfa7 elementor-widget elementor-widget-heading\" data-id=\"4a16bfa7\" data-element_type=\"widget\" data-widget_type=\"heading.default\">\n\t\t\t\t<div class=\"elementor-widget-container\">\n\t\t\t<style>\/*! elementor - v3.22.0 - 26-06-2024 *\/\n.elementor-heading-title{padding:0;margin:0;line-height:1}.elementor-widget-heading .elementor-heading-title[class*=elementor-size-]>a{color:inherit;font-size:inherit;line-height:inherit}.elementor-widget-heading .elementor-heading-title.elementor-size-small{font-size:15px}.elementor-widget-heading .elementor-heading-title.elementor-size-medium{font-size:19px}.elementor-widget-heading .elementor-heading-title.elementor-size-large{font-size:29px}.elementor-widget-heading .elementor-heading-title.elementor-size-xl{font-size:39px}.elementor-widget-heading .elementor-heading-title.elementor-size-xxl{font-size:59px}<\/style><h2 class=\"elementor-heading-title elementor-size-default\">\u00c0 propos de nous<\/h2>\t\t<\/div>\n\t\t\t\t<\/div>\n\t\t<div class=\"elementor-element elementor-element-a50f34b e-grid e-con-full e-con e-child\" data-id=\"a50f34b\" data-element_type=\"container\">\n\t\t\t\t<div class=\"elementor-element elementor-element-bdaa236 elementor-widget elementor-widget-image\" data-id=\"bdaa236\" data-element_type=\"widget\" data-widget_type=\"image.default\">\n\t\t\t\t<div class=\"elementor-widget-container\">\n\t\t\t<style>\/*! elementor - v3.22.0 - 26-06-2024 *\/\n.elementor-widget-image{text-align:center}.elementor-widget-image a{display:inline-block}.elementor-widget-image a img[src$=\".svg\"]{width:48px}.elementor-widget-image img{vertical-align:middle;display:inline-block}<\/style>\t\t\t\t\t\t\t\t\t\t\t<a href=\"https:\/\/policesolutions.ca\">\n\t\t\t\t\t\t\t<img fetchpriority=\"high\" decoding=\"async\" width=\"800\" height=\"134\" src=\"https:\/\/www.sncr.ca\/wp-content\/uploads\/2024\/01\/plain-logo-1024x172.png\" class=\"attachment-large size-large wp-image-1618\" alt=\"\" srcset=\"https:\/\/www.sncr.ca\/wp-content\/uploads\/2024\/01\/plain-logo-1024x172.png 1024w, https:\/\/www.sncr.ca\/wp-content\/uploads\/2024\/01\/plain-logo-300x50.png 300w, https:\/\/www.sncr.ca\/wp-content\/uploads\/2024\/01\/plain-logo-768x129.png 768w, https:\/\/www.sncr.ca\/wp-content\/uploads\/2024\/01\/plain-logo-1536x258.png 1536w, https:\/\/www.sncr.ca\/wp-content\/uploads\/2024\/01\/plain-logo.png 1865w\" sizes=\"(max-width: 800px) 100vw, 800px\" \/>\t\t\t\t\t\t\t\t<\/a>\n\t\t\t\t\t\t\t\t\t\t\t\t\t<\/div>\n\t\t\t\t<\/div>\n\t\t\t\t<div class=\"elementor-element elementor-element-2d70390 elementor-widget elementor-widget-image\" data-id=\"2d70390\" data-element_type=\"widget\" data-widget_type=\"image.default\">\n\t\t\t\t<div class=\"elementor-widget-container\">\n\t\t\t\t\t\t\t\t\t\t\t\t\t<img decoding=\"async\" width=\"1048\" height=\"313\" src=\"https:\/\/www.sncr.ca\/wp-content\/uploads\/2024\/01\/SNCR.ca-v1.00-2024-06-19-colour.png\" class=\"attachment-full size-full wp-image-3603\" alt=\"\" srcset=\"https:\/\/www.sncr.ca\/wp-content\/uploads\/2024\/01\/SNCR.ca-v1.00-2024-06-19-colour.png 1048w, https:\/\/www.sncr.ca\/wp-content\/uploads\/2024\/01\/SNCR.ca-v1.00-2024-06-19-colour-300x90.png 300w, https:\/\/www.sncr.ca\/wp-content\/uploads\/2024\/01\/SNCR.ca-v1.00-2024-06-19-colour-1024x306.png 1024w, https:\/\/www.sncr.ca\/wp-content\/uploads\/2024\/01\/SNCR.ca-v1.00-2024-06-19-colour-768x229.png 768w, https:\/\/www.sncr.ca\/wp-content\/uploads\/2024\/01\/SNCR.ca-v1.00-2024-06-19-colour-18x5.png 18w\" sizes=\"(max-width: 1048px) 100vw, 1048px\" \/>\t\t\t\t\t\t\t\t\t\t\t\t\t<\/div>\n\t\t\t\t<\/div>\n\t\t\t\t<\/div>\n\t\t\t\t<div class=\"elementor-element elementor-element-4dc83f56 elementor-widget elementor-widget-heading\" data-id=\"4dc83f56\" data-element_type=\"widget\" data-widget_type=\"heading.default\">\n\t\t\t\t<div class=\"elementor-widget-container\">\n\t\t\t<h5 class=\"elementor-heading-title elementor-size-default\">Le Registre des cam\u00e9ras de quartier s\u00e9curitaire (RCQS) a \u00e9t\u00e9 cr\u00e9\u00e9e par SolutionsPolici\u00e8res.ca, une filiale de Forrest Green. <br><br>Le RCQS a \u00e9t\u00e9 \u00e9labor\u00e9 et est tenu \u00e0 jour par des Canadiens sur des serveurs au Canada.<br> \n<br>\nForrest Green soutient environ la moiti\u00e9 des services de police municipaux au Canada avec des solutions logicielles.<\/h5>\t\t<\/div>\n\t\t\t\t<\/div>\n\t\t\t\t\t<\/div>\n\t\t\t\t<\/div>\n\t\t\t\t<\/div>","protected":false},"excerpt":{"rendered":"<p>About Us The Safe Neighbourhood Video Camera (SNCR.ca) was created by PoliceSolutions.ca, a division of Forrest Green . SNCR was developed and is maintained by Canadians on servers in Canada. Forrest Green supports approximately half of Municipal police services in Canada with Software Solutions.<\/p>","protected":false},"author":2,"featured_media":0,"parent":0,"menu_order":0,"comment_status":"closed","ping_status":"closed","template":"elementor_header_footer","meta":{"footnotes":""},"class_list":["post-196","page","type-page","status-publish","hentry"],"_links":{"self":[{"href":"https:\/\/www.sncr.ca\/fr\/wp-json\/wp\/v2\/pages\/196","targetHints":{"allow":["GET"]}}],"collection":[{"href":"https:\/\/www.sncr.ca\/fr\/wp-json\/wp\/v2\/pages"}],"about":[{"href":"https:\/\/www.sncr.ca\/fr\/wp-json\/wp\/v2\/types\/page"}],"author":[{"embeddable":true,"href":"https:\/\/www.sncr.ca\/fr\/wp-json\/wp\/v2\/users\/2"}],"replies":[{"embeddable":true,"href":"https:\/\/www.sncr.ca\/fr\/wp-json\/wp\/v2\/comments?post=196"}],"version-history":[{"count":336,"href":"https:\/\/www.sncr.ca\/fr\/wp-json\/wp\/v2\/pages\/196\/revisions"}],"predecessor-version":[{"id":3765,"href":"https:\/\/www.sncr.ca\/fr\/wp-json\/wp\/v2\/pages\/196\/revisions\/3765"}],"wp:attachment":[{"href":"https:\/\/www.sncr.ca\/fr\/wp-json\/wp\/v2\/media?parent=196"}],"curies":[{"name":"wp","href":"https:\/\/api.w.org\/{rel}","templated":true}]}}